{"id":2169,"date":"2026-03-05T18:26:13","date_gmt":"2026-03-06T00:26:13","guid":{"rendered":"https:\/\/cempr.mx\/?page_id=2169"},"modified":"2026-03-05T18:51:25","modified_gmt":"2026-03-06T00:51:25","slug":"aviso-de-privacidad","status":"publish","type":"page","link":"https:\/\/cempr.mx\/en\/aviso-de-privacidad\/","title":{"rendered":"Aviso de Privacidad"},"content":{"rendered":"<div data-elementor-type=\"wp-page\" data-elementor-id=\"2169\" class=\"elementor elementor-2169\" data-elementor-post-type=\"page\">\n\t\t\t\t<div class=\"elementor-element elementor-element-5ac5dcf e-flex e-con-boxed e-con e-parent\" data-id=\"5ac5dcf\" data-element_type=\"container\" data-e-type=\"container\">\n\t\t\t\t\t<div class=\"e-con-inner\">\n\t\t\t\t<div class=\"elementor-element elementor-element-10d96f8 elementor-widget elementor-widget-heading\" data-id=\"10d96f8\" data-element_type=\"widget\" data-e-type=\"widget\" data-widget_type=\"heading.default\">\n\t\t\t\t<div class=\"elementor-widget-container\">\n\t\t\t\t\t<h2 class=\"elementor-heading-title elementor-size-default\">Aviso de Privacidad<\/h2>\t\t\t\t<\/div>\n\t\t\t\t<\/div>\n\t\t\t\t\t<\/div>\n\t\t\t\t<\/div>\n\t\t<div class=\"elementor-element elementor-element-a81171c e-flex e-con-boxed e-con e-parent\" data-id=\"a81171c\" data-element_type=\"container\" data-e-type=\"container\">\n\t\t\t\t\t<div class=\"e-con-inner\">\n\t\t\t\t<div class=\"elementor-element elementor-element-560a33e elementor-widget__width-initial elementor-widget elementor-widget-text-editor\" data-id=\"560a33e\" data-element_type=\"widget\" data-e-type=\"widget\" data-widget_type=\"text-editor.default\">\n\t\t\t\t<div class=\"elementor-widget-container\">\n\t\t\t\t\t\t\t\t\t<p data-start=\"772\" data-end=\"1022\">CEMPR Digital es responsable del uso y protecci\u00f3n de los datos personales que se recaben a trav\u00e9s de este sitio web, y al respecto le informa lo siguiente:<\/p>\n<p data-start=\"772\" data-end=\"1022\"><br><\/p>\n<p data-start=\"772\" data-end=\"1022\">\n<\/p><h5 data-section-id=\"144uo7v\" data-start=\"1024\" data-end=\"1077\">\u00bfPara qu\u00e9 fines utilizaremos sus datos personales?<\/h5>\n<p data-start=\"1079\" data-end=\"1163\">Los datos personales que recabamos a trav\u00e9s de este sitio web ser\u00e1n utilizados para:<\/p>\n<ul data-start=\"1165\" data-end=\"1595\">\n<li data-section-id=\"arhknn\" data-start=\"1165\" data-end=\"1248\">\n<p data-start=\"1167\" data-end=\"1248\">Responder consultas o solicitudes realizadas a trav\u00e9s de formularios de contacto.<\/p>\n<\/li>\n<li data-section-id=\"fldmnf\" data-start=\"1249\" data-end=\"1325\">\n<p data-start=\"1251\" data-end=\"1325\">Proporcionar informaci\u00f3n sobre nuestros servicios, soluciones o proyectos.<\/p>\n<\/li>\n<li data-section-id=\"ahy76b\" data-start=\"1326\" data-end=\"1406\">\n<p data-start=\"1328\" data-end=\"1406\">Contactar a personas o empresas interesadas en los servicios de CEMPR Digital.<\/p>\n<\/li>\n<li data-section-id=\"1bx0glb\" data-start=\"1407\" data-end=\"1521\">\n<p data-start=\"1409\" data-end=\"1521\">Compartir informaci\u00f3n relacionada con contenidos, eventos, servicios o comunicaciones comerciales de la empresa.<\/p>\n<\/li>\n<li data-section-id=\"1nabj18\" data-start=\"1522\" data-end=\"1595\">\n<p data-start=\"1524\" data-end=\"1595\">Analizar el tr\u00e1fico del sitio web y mejorar la experiencia del usuario.<\/p>\n<\/li>\n<\/ul>\n<p data-start=\"1597\" data-end=\"1696\">Los datos personales ser\u00e1n utilizados \u00fanicamente para los fines para los que fueron proporcionados.<\/p>\n<h6 data-section-id=\"1480gr\" data-start=\"1698\" data-end=\"1736\">&nbsp;<\/h6>\n<h5 data-section-id=\"1480gr\" data-start=\"1698\" data-end=\"1736\">\u00bfQu\u00e9 datos personales utilizaremos?<\/h5>\n<p data-start=\"1738\" data-end=\"1846\">Para las finalidades se\u00f1aladas en este aviso de privacidad, podemos recabar los siguientes datos personales:<\/p>\n<ul data-start=\"1848\" data-end=\"2012\">\n<li data-section-id=\"1t1gskx\" data-start=\"1848\" data-end=\"1856\">\n<p data-start=\"1850\" data-end=\"1856\">Name<\/p>\n<\/li>\n<li data-section-id=\"igweu7\" data-start=\"1857\" data-end=\"1877\">\n<p data-start=\"1859\" data-end=\"1877\">Email address<\/p>\n<\/li>\n<li data-section-id=\"ilozv8\" data-start=\"1878\" data-end=\"1888\">\n<p data-start=\"1880\" data-end=\"1888\">Phone number<\/p>\n<\/li>\n<li data-section-id=\"1ic0zhx\" data-start=\"1889\" data-end=\"1898\">\n<p data-start=\"1891\" data-end=\"1898\">Empresa<\/p>\n<\/li>\n<li data-section-id=\"16xbghc\" data-start=\"1899\" data-end=\"1906\">\n<p data-start=\"1901\" data-end=\"1906\">Cargo<\/p>\n<\/li>\n<li data-section-id=\"6eero2\" data-start=\"1907\" data-end=\"2012\">\n<p data-start=\"1909\" data-end=\"2012\">Cualquier informaci\u00f3n adicional proporcionada voluntariamente a trav\u00e9s de formularios o comunicaciones.<\/p>\n<\/li>\n<\/ul>\n<p data-start=\"2014\" data-end=\"2076\">\n<\/p><p data-start=\"2014\" data-end=\"2076\">Le informamos que <strong data-start=\"2032\" data-end=\"2075\">no recabamos datos personales sensibles<\/strong>.<\/p>\n<h5 data-section-id=\"1q4w2di\" data-start=\"2078\" data-end=\"2120\">&nbsp;<\/h5>\n<h5 data-section-id=\"1q4w2di\" data-start=\"2078\" data-end=\"2120\">Uso de cookies y tecnolog\u00edas de rastreo<\/h5>\n<p data-start=\"2122\" data-end=\"2274\">Nuestro sitio web puede utilizar cookies y tecnolog\u00edas similares para mejorar la experiencia de navegaci\u00f3n y analizar el comportamiento de los usuarios.<\/p>\n<p data-start=\"2276\" data-end=\"2321\">La informaci\u00f3n que puede recopilarse incluye:<\/p>\n<ul data-start=\"2323\" data-end=\"2432\">\n<li data-section-id=\"1p3o5bz\" data-start=\"2323\" data-end=\"2337\">\n<p data-start=\"2325\" data-end=\"2337\">Direcci\u00f3n IP<\/p>\n<\/li>\n<li data-section-id=\"719ai0\" data-start=\"2338\" data-end=\"2357\">\n<p data-start=\"2340\" data-end=\"2357\">Tipo de navegador<\/p>\n<\/li>\n<li data-section-id=\"1kgmzsh\" data-start=\"2358\" data-end=\"2377\">\n<p data-start=\"2360\" data-end=\"2377\">Sistema operativo<\/p>\n<\/li>\n<li data-section-id=\"mnwc7h\" data-start=\"2378\" data-end=\"2397\">\n<p data-start=\"2380\" data-end=\"2397\">P\u00e1ginas visitadas<\/p>\n<\/li>\n<li data-section-id=\"vk8ibo\" data-start=\"2398\" data-end=\"2432\">\n<p data-start=\"2400\" data-end=\"2432\">Tiempo de navegaci\u00f3n en el sitio<\/p>\n<\/li>\n<\/ul>\n<p data-start=\"2434\" data-end=\"2684\">Asimismo, podemos utilizar herramientas de terceros como <strong data-start=\"2491\" data-end=\"2576\">Google Analytics, Google Ads u otras plataformas de an\u00e1lisis y publicidad digital<\/strong>, las cuales pueden recopilar informaci\u00f3n estad\u00edstica sobre la interacci\u00f3n de los usuarios con el sitio web.<\/p>\n<p data-start=\"2686\" data-end=\"2784\">Los usuarios pueden configurar su navegador para rechazar o eliminar cookies en cualquier momento.<\/p>\n<p data-start=\"2686\" data-end=\"2784\"><br><\/p>\n<p data-start=\"2686\" data-end=\"2784\">\n<\/p><h5 data-section-id=\"zvumfg\" data-start=\"2786\" data-end=\"2822\">Transferencia de datos personales<\/h5>\n<p data-start=\"2824\" data-end=\"2890\">CEMPR Digital <strong data-start=\"2838\" data-end=\"2889\">no vende ni alquila datos personales a terceros<\/strong>.<\/p>\n<p data-start=\"2892\" data-end=\"3189\">En algunos casos, los datos pueden ser compartidos con proveedores tecnol\u00f3gicos o plataformas digitales que nos ayudan a operar el sitio web o gestionar campa\u00f1as de marketing digital, siempre bajo acuerdos de confidencialidad y \u00fanicamente para el cumplimiento de los fines descritos en este aviso.<\/p>\n<p data-start=\"2892\" data-end=\"3189\"><br><\/p>\n<p data-start=\"2892\" data-end=\"3189\">\n<\/p><h5>\u00bfC\u00f3mo puede ejercer sus derechos ARCO?<\/h5>\n<p data-start=\"3234\" data-end=\"3356\">Usted tiene derecho a <strong data-start=\"3256\" data-end=\"3300\">Acceder, Rectificar, Cancelar u Oponerse<\/strong> al tratamiento de sus datos personales (Derechos ARCO).<\/p>\n<p data-start=\"3358\" data-end=\"3460\">Para ejercer cualquiera de estos derechos deber\u00e1 enviar una solicitud al siguiente correo electr\u00f3nico:&nbsp;<a href=\"mailto:contacto@cempr.com.mx\" target=\"_blank\" style=\"background-color: rgb(255, 255, 255); font-size: 1rem;\">contacto@cempr.com.mx<\/a><\/p>\n<p data-start=\"3358\" data-end=\"3460\"><span style=\"font-size: 1rem;\">La solicitud deber\u00e1 incluir:<\/span><\/p>\n<ul data-start=\"3519\" data-end=\"3765\">\n<li data-section-id=\"1q4k5ma\" data-start=\"3519\" data-end=\"3536\">\n<p data-start=\"3521\" data-end=\"3536\">Nombre completo<\/p>\n<\/li>\n<li data-section-id=\"1l75eet\" data-start=\"3537\" data-end=\"3590\">\n<p data-start=\"3539\" data-end=\"3590\">Correo electr\u00f3nico con el que proporcion\u00f3 sus datos<\/p>\n<\/li>\n<li data-section-id=\"1ano4eo\" data-start=\"3591\" data-end=\"3675\">\n<p data-start=\"3593\" data-end=\"3675\">Descripci\u00f3n clara de la solicitud (acceso, rectificaci\u00f3n, cancelaci\u00f3n u oposici\u00f3n)<\/p>\n<\/li>\n<li data-section-id=\"13sx3kz\" data-start=\"3676\" data-end=\"3765\">\n<p data-start=\"3678\" data-end=\"3765\">Cualquier informaci\u00f3n adicional que permita identificar sus datos en nuestros registros<\/p>\n<\/li>\n<\/ul>\n<p data-start=\"3767\" data-end=\"3874\">Nos comprometemos a dar respuesta a su solicitud en un plazo razonable conforme a la legislaci\u00f3n aplicable.<\/p>\n<p data-start=\"3767\" data-end=\"3874\"><br><\/p>\n<p data-start=\"3767\" data-end=\"3874\"><span style=\"color: inherit; font-size: 1.25rem; font-weight: 700;\">Revocaci\u00f3n del consentimiento<\/span><\/p>\n<p data-start=\"3910\" data-end=\"4027\">Usted puede revocar el consentimiento que, en su caso, nos haya otorgado para el tratamiento de sus datos personales.<\/p>\n<p data-start=\"4029\" data-end=\"4080\">Para hacerlo deber\u00e1 enviar un correo electr\u00f3nico a:&nbsp;<a href=\"mailto: contacto@cempr.com.mx\" target=\"_blank\" style=\"background-color: rgb(255, 255, 255); font-size: 1rem;\">contacto@cempr.com.mx<\/a><\/p>\n<p data-start=\"4109\" data-end=\"4201\">indicando su solicitud de revocaci\u00f3n del consentimiento para el uso de sus datos personales.<\/p><p data-start=\"4109\" data-end=\"4201\"><br><\/p>\n<h5 data-section-id=\"6vkt84\" data-start=\"4203\" data-end=\"4274\">\u00bfC\u00f3mo puede limitar el uso o divulgaci\u00f3n de su informaci\u00f3n personal?<\/h5>\n<p data-start=\"4276\" data-end=\"4420\">Si desea dejar de recibir comunicaciones o informaci\u00f3n comercial por parte de CEMPR Digital, podr\u00e1 solicitarlo enviando un correo electr\u00f3nico a:&nbsp;<a href=\"mailto: contacto@cempr.com.mx\" target=\"_blank\" style=\"background-color: rgb(255, 255, 255); font-size: 1rem;\">contacto@cempr.com.mx<\/a><\/p>\n<h2 data-section-id=\"ui4skk\" data-start=\"4449\" data-end=\"4482\"><span style=\"color: inherit; font-size: 1.25rem;\">Cambios al aviso de privacidad<\/span><\/h2>\n<p data-start=\"4484\" data-end=\"4613\">CEMPR Digital puede actualizar este aviso de privacidad en cualquier momento debido a cambios legales, operativos o tecnol\u00f3gicos.<\/p>\n<p data-start=\"4615\" data-end=\"4674\">Cualquier modificaci\u00f3n ser\u00e1 publicada en esta misma p\u00e1gina.<\/p>\t\t\t\t\t\t\t\t<\/div>\n\t\t\t\t<\/div>\n\t\t\t\t\t<\/div>\n\t\t\t\t<\/div>\n\t\t\t\t<\/div>","protected":false},"excerpt":{"rendered":"<p>Aviso de Privacidad CEMPR Digital es responsable del uso y protecci\u00f3n de los datos personales que se recaben a trav\u00e9s de este sitio web, y al respecto le informa lo siguiente: \u00bfPara qu\u00e9 fines utilizaremos sus datos personales? Los datos personales que recabamos a trav\u00e9s de este sitio web ser\u00e1n utilizados para: Responder consultas o [&hellip;]<\/p>\n","protected":false},"author":2,"featured_media":0,"parent":0,"menu_order":1,"comment_status":"closed","ping_status":"closed","template":"","meta":{"footnotes":""},"class_list":["post-2169","page","type-page","status-publish","hentry"],"yoast_head":"<!-- This site is optimized with the Yoast SEO plugin v27.4 - https:\/\/yoast.com\/product\/yoast-seo-wordpress\/ -->\n<title>CEMPR Digital Agencia de Relaciones P&uacute;blicas<\/title>\n<meta name=\"description\" content=\"Agencia de Relaciones P\u00fablicas y Marketing Digital. Posicionamos tu marca, fortalecemos tu reputaci\u00f3n y generamos resultados.\" \/>\n<meta name=\"robots\" content=\"index, follow, max-snippet:-1, max-image-preview:large, max-video-preview:-1\" \/>\n<link rel=\"canonical\" href=\"https:\/\/cempr.mx\/en\/aviso-de-privacidad\/\" \/>\n<meta property=\"og:locale\" content=\"en_US\" \/>\n<meta property=\"og:type\" content=\"article\" \/>\n<meta property=\"og:title\" content=\"CEMPR Digital Agencia de Relaciones P&uacute;blicas\" \/>\n<meta property=\"og:description\" content=\"Agencia de Relaciones P\u00fablicas y Marketing Digital. Posicionamos tu marca, fortalecemos tu reputaci\u00f3n y generamos resultados.\" \/>\n<meta property=\"og:url\" content=\"https:\/\/cempr.mx\/en\/aviso-de-privacidad\/\" \/>\n<meta property=\"og:site_name\" content=\"CEMPR Digital Agencia de Relaciones P&uacute;blicas\" \/>\n<meta property=\"article:modified_time\" content=\"2026-03-06T00:51:25+00:00\" \/>\n<meta name=\"twitter:card\" content=\"summary_large_image\" \/>\n<meta name=\"twitter:label1\" content=\"Est. reading time\" \/>\n\t<meta name=\"twitter:data1\" content=\"3 minutes\" \/>\n<script type=\"application\/ld+json\" class=\"yoast-schema-graph\">{\"@context\":\"https:\\\/\\\/schema.org\",\"@graph\":[{\"@type\":\"WebPage\",\"@id\":\"https:\\\/\\\/cempr.mx\\\/aviso-de-privacidad\\\/\",\"url\":\"https:\\\/\\\/cempr.mx\\\/aviso-de-privacidad\\\/\",\"name\":\"CEMPR Digital Agencia de Relaciones P&uacute;blicas\",\"isPartOf\":{\"@id\":\"https:\\\/\\\/cempr.mx\\\/#website\"},\"datePublished\":\"2026-03-06T00:26:13+00:00\",\"dateModified\":\"2026-03-06T00:51:25+00:00\",\"description\":\"Agencia de Relaciones P\u00fablicas y Marketing Digital. Posicionamos tu marca, fortalecemos tu reputaci\u00f3n y generamos resultados.\",\"breadcrumb\":{\"@id\":\"https:\\\/\\\/cempr.mx\\\/aviso-de-privacidad\\\/#breadcrumb\"},\"inLanguage\":\"en-US\",\"potentialAction\":[{\"@type\":\"ReadAction\",\"target\":[\"https:\\\/\\\/cempr.mx\\\/aviso-de-privacidad\\\/\"]}]},{\"@type\":\"BreadcrumbList\",\"@id\":\"https:\\\/\\\/cempr.mx\\\/aviso-de-privacidad\\\/#breadcrumb\",\"itemListElement\":[{\"@type\":\"ListItem\",\"position\":1,\"name\":\"Portada\",\"item\":\"https:\\\/\\\/cempr.mx\\\/\"},{\"@type\":\"ListItem\",\"position\":2,\"name\":\"Aviso de Privacidad\"}]},{\"@type\":\"WebSite\",\"@id\":\"https:\\\/\\\/cempr.mx\\\/#website\",\"url\":\"https:\\\/\\\/cempr.mx\\\/\",\"name\":\"CEMPR Digital Agencia de Relaciones P&uacute;blicas\",\"description\":\"CEMPR Digital\",\"publisher\":{\"@id\":\"https:\\\/\\\/cempr.mx\\\/#organization\"},\"potentialAction\":[{\"@type\":\"SearchAction\",\"target\":{\"@type\":\"EntryPoint\",\"urlTemplate\":\"https:\\\/\\\/cempr.mx\\\/?s={search_term_string}\"},\"query-input\":{\"@type\":\"PropertyValueSpecification\",\"valueRequired\":true,\"valueName\":\"search_term_string\"}}],\"inLanguage\":\"en-US\"},{\"@type\":\"Organization\",\"@id\":\"https:\\\/\\\/cempr.mx\\\/#organization\",\"name\":\"CEMPR Digital Agencia de Relaciones P&uacute;blicas\",\"url\":\"https:\\\/\\\/cempr.mx\\\/\",\"logo\":{\"@type\":\"ImageObject\",\"inLanguage\":\"en-US\",\"@id\":\"https:\\\/\\\/cempr.mx\\\/#\\\/schema\\\/logo\\\/image\\\/\",\"url\":\"https:\\\/\\\/cempr.mx\\\/wp-content\\\/uploads\\\/2023\\\/08\\\/logo-cempr.png\",\"contentUrl\":\"https:\\\/\\\/cempr.mx\\\/wp-content\\\/uploads\\\/2023\\\/08\\\/logo-cempr.png\",\"width\":302,\"height\":216,\"caption\":\"CEMPR Digital Agencia de Relaciones P&uacute;blicas\"},\"image\":{\"@id\":\"https:\\\/\\\/cempr.mx\\\/#\\\/schema\\\/logo\\\/image\\\/\"}}]}<\/script>\n<!-- \/ Yoast SEO plugin. -->","yoast_head_json":{"title":"CEMPR Digital Public Relations Agency","description":"Agencia de Relaciones P\u00fablicas y Marketing Digital. Posicionamos tu marca, fortalecemos tu reputaci\u00f3n y generamos resultados.","robots":{"index":"index","follow":"follow","max-snippet":"max-snippet:-1","max-image-preview":"max-image-preview:large","max-video-preview":"max-video-preview:-1"},"canonical":"https:\/\/cempr.mx\/en\/aviso-de-privacidad\/","og_locale":"en_US","og_type":"article","og_title":"CEMPR Digital Agencia de Relaciones P&uacute;blicas","og_description":"Agencia de Relaciones P\u00fablicas y Marketing Digital. Posicionamos tu marca, fortalecemos tu reputaci\u00f3n y generamos resultados.","og_url":"https:\/\/cempr.mx\/en\/aviso-de-privacidad\/","og_site_name":"CEMPR Digital Agencia de Relaciones P&uacute;blicas","article_modified_time":"2026-03-06T00:51:25+00:00","twitter_card":"summary_large_image","twitter_misc":{"Est. reading time":"3 minutes"},"schema":{"@context":"https:\/\/schema.org","@graph":[{"@type":"WebPage","@id":"https:\/\/cempr.mx\/aviso-de-privacidad\/","url":"https:\/\/cempr.mx\/aviso-de-privacidad\/","name":"CEMPR Digital Public Relations Agency","isPartOf":{"@id":"https:\/\/cempr.mx\/#website"},"datePublished":"2026-03-06T00:26:13+00:00","dateModified":"2026-03-06T00:51:25+00:00","description":"Agencia de Relaciones P\u00fablicas y Marketing Digital. Posicionamos tu marca, fortalecemos tu reputaci\u00f3n y generamos resultados.","breadcrumb":{"@id":"https:\/\/cempr.mx\/aviso-de-privacidad\/#breadcrumb"},"inLanguage":"en-US","potentialAction":[{"@type":"ReadAction","target":["https:\/\/cempr.mx\/aviso-de-privacidad\/"]}]},{"@type":"BreadcrumbList","@id":"https:\/\/cempr.mx\/aviso-de-privacidad\/#breadcrumb","itemListElement":[{"@type":"ListItem","position":1,"name":"Portada","item":"https:\/\/cempr.mx\/"},{"@type":"ListItem","position":2,"name":"Aviso de Privacidad"}]},{"@type":"WebSite","@id":"https:\/\/cempr.mx\/#website","url":"https:\/\/cempr.mx\/","name":"CEMPR Digital Public Relations Agency","description":"CEMPR Digital","publisher":{"@id":"https:\/\/cempr.mx\/#organization"},"potentialAction":[{"@type":"SearchAction","target":{"@type":"EntryPoint","urlTemplate":"https:\/\/cempr.mx\/?s={search_term_string}"},"query-input":{"@type":"PropertyValueSpecification","valueRequired":true,"valueName":"search_term_string"}}],"inLanguage":"en-US"},{"@type":"Organization","@id":"https:\/\/cempr.mx\/#organization","name":"CEMPR Digital Public Relations Agency","url":"https:\/\/cempr.mx\/","logo":{"@type":"ImageObject","inLanguage":"en-US","@id":"https:\/\/cempr.mx\/#\/schema\/logo\/image\/","url":"https:\/\/cempr.mx\/wp-content\/uploads\/2023\/08\/logo-cempr.png","contentUrl":"https:\/\/cempr.mx\/wp-content\/uploads\/2023\/08\/logo-cempr.png","width":302,"height":216,"caption":"CEMPR Digital Agencia de Relaciones P&uacute;blicas"},"image":{"@id":"https:\/\/cempr.mx\/#\/schema\/logo\/image\/"}}]}},"_links":{"self":[{"href":"https:\/\/cempr.mx\/en\/wp-json\/wp\/v2\/pages\/2169","targetHints":{"allow":["GET"]}}],"collection":[{"href":"https:\/\/cempr.mx\/en\/wp-json\/wp\/v2\/pages"}],"about":[{"href":"https:\/\/cempr.mx\/en\/wp-json\/wp\/v2\/types\/page"}],"author":[{"embeddable":true,"href":"https:\/\/cempr.mx\/en\/wp-json\/wp\/v2\/users\/2"}],"replies":[{"embeddable":true,"href":"https:\/\/cempr.mx\/en\/wp-json\/wp\/v2\/comments?post=2169"}],"version-history":[{"count":4,"href":"https:\/\/cempr.mx\/en\/wp-json\/wp\/v2\/pages\/2169\/revisions"}],"predecessor-version":[{"id":2174,"href":"https:\/\/cempr.mx\/en\/wp-json\/wp\/v2\/pages\/2169\/revisions\/2174"}],"wp:attachment":[{"href":"https:\/\/cempr.mx\/en\/wp-json\/wp\/v2\/media?parent=2169"}],"curies":[{"name":"wp","href":"https:\/\/api.w.org\/{rel}","templated":true}]}}