{"id":2141,"date":"2026-03-05T17:32:17","date_gmt":"2026-03-05T23:32:17","guid":{"rendered":"https:\/\/cempr.mx\/?page_id=2141"},"modified":"2026-03-05T18:07:16","modified_gmt":"2026-03-06T00:07:16","slug":"influencer","status":"publish","type":"page","link":"https:\/\/cempr.mx\/en\/influencer\/","title":{"rendered":"Influencer &#038; Brand Advocacy"},"content":{"rendered":"<div data-elementor-type=\"wp-page\" data-elementor-id=\"2141\" class=\"elementor elementor-2141\" data-elementor-post-type=\"page\">\n\t\t\t\t<div class=\"elementor-element elementor-element-f178feb e-flex e-con-boxed e-con e-parent\" data-id=\"f178feb\" data-element_type=\"container\" data-e-type=\"container\" id=\"servicios\" data-settings=\"{&quot;background_background&quot;:&quot;classic&quot;}\">\n\t\t\t\t\t<div class=\"e-con-inner\">\n\t\t\t\t<div class=\"elementor-element elementor-element-39d6f13 elementor-widget elementor-widget-heading\" data-id=\"39d6f13\" data-element_type=\"widget\" data-e-type=\"widget\" data-widget_type=\"heading.default\">\n\t\t\t\t<div class=\"elementor-widget-container\">\n\t\t\t\t\t<h2 class=\"elementor-heading-title elementor-size-default\">Influencer &amp; Brand Advocacy<\/h2>\t\t\t\t<\/div>\n\t\t\t\t<\/div>\n\t\t\t\t<div class=\"elementor-element elementor-element-5a7b50d elementor-widget__width-initial elementor-widget elementor-widget-heading\" data-id=\"5a7b50d\" data-element_type=\"widget\" data-e-type=\"widget\" data-widget_type=\"heading.default\">\n\t\t\t\t<div class=\"elementor-widget-container\">\n\t\t\t\t\t<p class=\"elementor-heading-title elementor-size-default\">Dise\u00f1amos e implementamos estrategias de colaboraci\u00f3n con influenciadores, l\u00edderes de opini\u00f3n y embajadores de marca que ayudan a amplificar los mensajes de nuestros clientes en comunidades relevantes. Identificamos perfiles alineados con los objetivos de cada campa\u00f1a y gestionamos activaciones que generan credibilidad, conversaci\u00f3n y alcance org\u00e1nico, fortaleciendo la conexi\u00f3n entre las marcas y sus audiencias clave.<\/p>\t\t\t\t<\/div>\n\t\t\t\t<\/div>\n\t\t\t\t\t<\/div>\n\t\t\t\t<\/div>\n\t\t<div class=\"elementor-element elementor-element-8a3f89d e-grid e-con-boxed e-con e-parent\" data-id=\"8a3f89d\" data-element_type=\"container\" data-e-type=\"container\">\n\t\t\t\t\t<div class=\"e-con-inner\">\n\t\t<div class=\"elementor-element elementor-element-2375a98 e-con-full e-flex e-con e-child\" data-id=\"2375a98\" data-element_type=\"container\" data-e-type=\"container\">\n\t\t\t\t<div class=\"elementor-element elementor-element-72162db elementor-widget elementor-widget-image\" data-id=\"72162db\" data-element_type=\"widget\" data-e-type=\"widget\" data-widget_type=\"image.default\">\n\t\t\t\t<div class=\"elementor-widget-container\">\n\t\t\t\t\t\t\t\t\t\t\t\t\t\t\t<img fetchpriority=\"high\" decoding=\"async\" width=\"480\" height=\"395\" src=\"https:\/\/cempr.mx\/wp-content\/uploads\/2026\/02\/fcaballeroh.jpg\" class=\"attachment-large size-large wp-image-2024\" alt=\"\" srcset=\"https:\/\/cempr.mx\/wp-content\/uploads\/2026\/02\/fcaballeroh.jpg 480w, https:\/\/cempr.mx\/wp-content\/uploads\/2026\/02\/fcaballeroh-300x247.jpg 300w, https:\/\/cempr.mx\/wp-content\/uploads\/2026\/02\/fcaballeroh-15x12.jpg 15w\" sizes=\"(max-width: 480px) 100vw, 480px\" \/>\t\t\t\t\t\t\t\t\t\t\t\t\t\t\t<\/div>\n\t\t\t\t<\/div>\n\t\t\t\t<\/div>\n\t\t<div class=\"elementor-element elementor-element-d1e6fe4 e-con-full e-flex e-con e-child\" data-id=\"d1e6fe4\" data-element_type=\"container\" data-e-type=\"container\">\n\t\t\t\t<div class=\"elementor-element elementor-element-0fcb7ef elementor-widget elementor-widget-image\" data-id=\"0fcb7ef\" data-element_type=\"widget\" data-e-type=\"widget\" data-widget_type=\"image.default\">\n\t\t\t\t<div class=\"elementor-widget-container\">\n\t\t\t\t\t\t\t\t\t\t\t\t\t\t\t<img decoding=\"async\" width=\"480\" height=\"395\" src=\"https:\/\/cempr.mx\/wp-content\/uploads\/2026\/02\/melissavegatv.jpg\" class=\"attachment-large size-large wp-image-2025\" alt=\"\" srcset=\"https:\/\/cempr.mx\/wp-content\/uploads\/2026\/02\/melissavegatv.jpg 480w, https:\/\/cempr.mx\/wp-content\/uploads\/2026\/02\/melissavegatv-300x247.jpg 300w, https:\/\/cempr.mx\/wp-content\/uploads\/2026\/02\/melissavegatv-15x12.jpg 15w\" sizes=\"(max-width: 480px) 100vw, 480px\" \/>\t\t\t\t\t\t\t\t\t\t\t\t\t\t\t<\/div>\n\t\t\t\t<\/div>\n\t\t\t\t<\/div>\n\t\t<div class=\"elementor-element elementor-element-0c7712c e-con-full e-flex e-con e-child\" data-id=\"0c7712c\" data-element_type=\"container\" data-e-type=\"container\">\n\t\t\t\t<div class=\"elementor-element elementor-element-58671e4 elementor-widget elementor-widget-image\" data-id=\"58671e4\" data-element_type=\"widget\" data-e-type=\"widget\" data-widget_type=\"image.default\">\n\t\t\t\t<div class=\"elementor-widget-container\">\n\t\t\t\t\t\t\t\t\t\t\t\t\t\t\t<img decoding=\"async\" width=\"480\" height=\"395\" src=\"https:\/\/cempr.mx\/wp-content\/uploads\/2026\/02\/renata_austin.jpg\" class=\"attachment-large size-large wp-image-2026\" alt=\"\" srcset=\"https:\/\/cempr.mx\/wp-content\/uploads\/2026\/02\/renata_austin.jpg 480w, https:\/\/cempr.mx\/wp-content\/uploads\/2026\/02\/renata_austin-300x247.jpg 300w, https:\/\/cempr.mx\/wp-content\/uploads\/2026\/02\/renata_austin-15x12.jpg 15w\" sizes=\"(max-width: 480px) 100vw, 480px\" \/>\t\t\t\t\t\t\t\t\t\t\t\t\t\t\t<\/div>\n\t\t\t\t<\/div>\n\t\t\t\t<\/div>\n\t\t\t\t\t<\/div>\n\t\t\t\t<\/div>\n\t\t<div class=\"elementor-element elementor-element-955d5db e-flex e-con-boxed e-con e-parent\" data-id=\"955d5db\" data-element_type=\"container\" data-e-type=\"container\">\n\t\t\t\t\t<div class=\"e-con-inner\">\n\t\t\t\t<div class=\"elementor-element elementor-element-2479a0c elementor-widget elementor-widget-text-editor\" data-id=\"2479a0c\" data-element_type=\"widget\" data-e-type=\"widget\" data-widget_type=\"text-editor.default\">\n\t\t\t\t<div class=\"elementor-widget-container\">\n\t\t\t\t\t\t\t\t\t<p style=\"text-align: center;\"><strong>Influencers Campaign<\/strong><br \/><strong>Client:<\/strong> Therabody<\/p>\t\t\t\t\t\t\t\t<\/div>\n\t\t\t\t<\/div>\n\t\t\t\t\t<\/div>\n\t\t\t\t<\/div>\n\t\t\t\t<\/div>","protected":false},"excerpt":{"rendered":"<p>Influencer &amp; Brand Advocacy Dise\u00f1amos e implementamos estrategias de colaboraci\u00f3n con influenciadores, l\u00edderes de opini\u00f3n y embajadores de marca que ayudan a amplificar los mensajes de nuestros clientes en comunidades relevantes. Identificamos perfiles alineados con los objetivos de cada campa\u00f1a y gestionamos activaciones que generan credibilidad, conversaci\u00f3n y alcance org\u00e1nico, fortaleciendo la conexi\u00f3n entre las [&hellip;]<\/p>\n","protected":false},"author":2,"featured_media":0,"parent":0,"menu_order":1,"comment_status":"closed","ping_status":"closed","template":"","meta":{"footnotes":""},"class_list":["post-2141","page","type-page","status-publish","hentry"],"yoast_head":"<!-- This site is optimized with the Yoast SEO plugin v27.4 - https:\/\/yoast.com\/product\/yoast-seo-wordpress\/ -->\n<title>CEMPR Digital Agencia de Relaciones P&uacute;blicas<\/title>\n<meta name=\"description\" content=\"Agencia de Relaciones P\u00fablicas y Marketing Digital. Posicionamos tu marca, fortalecemos tu reputaci\u00f3n y generamos resultados.\" \/>\n<meta name=\"robots\" content=\"index, follow, max-snippet:-1, max-image-preview:large, max-video-preview:-1\" \/>\n<link rel=\"canonical\" href=\"https:\/\/cempr.mx\/en\/influencer\/\" \/>\n<meta property=\"og:locale\" content=\"en_US\" \/>\n<meta property=\"og:type\" content=\"article\" \/>\n<meta property=\"og:title\" content=\"CEMPR Digital Agencia de Relaciones P&uacute;blicas\" \/>\n<meta property=\"og:description\" content=\"Agencia de Relaciones P\u00fablicas y Marketing Digital. Posicionamos tu marca, fortalecemos tu reputaci\u00f3n y generamos resultados.\" \/>\n<meta property=\"og:url\" content=\"https:\/\/cempr.mx\/en\/influencer\/\" \/>\n<meta property=\"og:site_name\" content=\"CEMPR Digital Agencia de Relaciones P&uacute;blicas\" \/>\n<meta property=\"article:modified_time\" content=\"2026-03-06T00:07:16+00:00\" \/>\n<meta property=\"og:image\" content=\"https:\/\/cempr.mx\/wp-content\/uploads\/2026\/02\/fcaballeroh.jpg\" \/>\n\t<meta property=\"og:image:width\" content=\"480\" \/>\n\t<meta property=\"og:image:height\" content=\"395\" \/>\n\t<meta property=\"og:image:type\" content=\"image\/jpeg\" \/>\n<meta name=\"twitter:card\" content=\"summary_large_image\" \/>\n<meta name=\"twitter:label1\" content=\"Est. reading time\" \/>\n\t<meta name=\"twitter:data1\" content=\"1 minute\" \/>\n<script type=\"application\/ld+json\" class=\"yoast-schema-graph\">{\"@context\":\"https:\\\/\\\/schema.org\",\"@graph\":[{\"@type\":\"WebPage\",\"@id\":\"https:\\\/\\\/cempr.mx\\\/influencer\\\/\",\"url\":\"https:\\\/\\\/cempr.mx\\\/influencer\\\/\",\"name\":\"CEMPR Digital Agencia de Relaciones P&uacute;blicas\",\"isPartOf\":{\"@id\":\"https:\\\/\\\/cempr.mx\\\/#website\"},\"primaryImageOfPage\":{\"@id\":\"https:\\\/\\\/cempr.mx\\\/influencer\\\/#primaryimage\"},\"image\":{\"@id\":\"https:\\\/\\\/cempr.mx\\\/influencer\\\/#primaryimage\"},\"thumbnailUrl\":\"https:\\\/\\\/cempr.mx\\\/wp-content\\\/uploads\\\/2026\\\/02\\\/fcaballeroh.jpg\",\"datePublished\":\"2026-03-05T23:32:17+00:00\",\"dateModified\":\"2026-03-06T00:07:16+00:00\",\"description\":\"Agencia de Relaciones P\u00fablicas y Marketing Digital. Posicionamos tu marca, fortalecemos tu reputaci\u00f3n y generamos resultados.\",\"breadcrumb\":{\"@id\":\"https:\\\/\\\/cempr.mx\\\/influencer\\\/#breadcrumb\"},\"inLanguage\":\"en-US\",\"potentialAction\":[{\"@type\":\"ReadAction\",\"target\":[\"https:\\\/\\\/cempr.mx\\\/influencer\\\/\"]}]},{\"@type\":\"ImageObject\",\"inLanguage\":\"en-US\",\"@id\":\"https:\\\/\\\/cempr.mx\\\/influencer\\\/#primaryimage\",\"url\":\"https:\\\/\\\/cempr.mx\\\/wp-content\\\/uploads\\\/2026\\\/02\\\/fcaballeroh.jpg\",\"contentUrl\":\"https:\\\/\\\/cempr.mx\\\/wp-content\\\/uploads\\\/2026\\\/02\\\/fcaballeroh.jpg\"},{\"@type\":\"BreadcrumbList\",\"@id\":\"https:\\\/\\\/cempr.mx\\\/influencer\\\/#breadcrumb\",\"itemListElement\":[{\"@type\":\"ListItem\",\"position\":1,\"name\":\"Portada\",\"item\":\"https:\\\/\\\/cempr.mx\\\/\"},{\"@type\":\"ListItem\",\"position\":2,\"name\":\"Influencer &#038; Brand Advocacy\"}]},{\"@type\":\"WebSite\",\"@id\":\"https:\\\/\\\/cempr.mx\\\/#website\",\"url\":\"https:\\\/\\\/cempr.mx\\\/\",\"name\":\"CEMPR Digital Agencia de Relaciones P&uacute;blicas\",\"description\":\"CEMPR Digital\",\"publisher\":{\"@id\":\"https:\\\/\\\/cempr.mx\\\/#organization\"},\"potentialAction\":[{\"@type\":\"SearchAction\",\"target\":{\"@type\":\"EntryPoint\",\"urlTemplate\":\"https:\\\/\\\/cempr.mx\\\/?s={search_term_string}\"},\"query-input\":{\"@type\":\"PropertyValueSpecification\",\"valueRequired\":true,\"valueName\":\"search_term_string\"}}],\"inLanguage\":\"en-US\"},{\"@type\":\"Organization\",\"@id\":\"https:\\\/\\\/cempr.mx\\\/#organization\",\"name\":\"CEMPR Digital Agencia de Relaciones P&uacute;blicas\",\"url\":\"https:\\\/\\\/cempr.mx\\\/\",\"logo\":{\"@type\":\"ImageObject\",\"inLanguage\":\"en-US\",\"@id\":\"https:\\\/\\\/cempr.mx\\\/#\\\/schema\\\/logo\\\/image\\\/\",\"url\":\"https:\\\/\\\/cempr.mx\\\/wp-content\\\/uploads\\\/2023\\\/08\\\/logo-cempr.png\",\"contentUrl\":\"https:\\\/\\\/cempr.mx\\\/wp-content\\\/uploads\\\/2023\\\/08\\\/logo-cempr.png\",\"width\":302,\"height\":216,\"caption\":\"CEMPR Digital Agencia de Relaciones P&uacute;blicas\"},\"image\":{\"@id\":\"https:\\\/\\\/cempr.mx\\\/#\\\/schema\\\/logo\\\/image\\\/\"}}]}<\/script>\n<!-- \/ Yoast SEO plugin. -->","yoast_head_json":{"title":"CEMPR Digital Public Relations Agency","description":"Agencia de Relaciones P\u00fablicas y Marketing Digital. Posicionamos tu marca, fortalecemos tu reputaci\u00f3n y generamos resultados.","robots":{"index":"index","follow":"follow","max-snippet":"max-snippet:-1","max-image-preview":"max-image-preview:large","max-video-preview":"max-video-preview:-1"},"canonical":"https:\/\/cempr.mx\/en\/influencer\/","og_locale":"en_US","og_type":"article","og_title":"CEMPR Digital Agencia de Relaciones P&uacute;blicas","og_description":"Agencia de Relaciones P\u00fablicas y Marketing Digital. Posicionamos tu marca, fortalecemos tu reputaci\u00f3n y generamos resultados.","og_url":"https:\/\/cempr.mx\/en\/influencer\/","og_site_name":"CEMPR Digital Agencia de Relaciones P&uacute;blicas","article_modified_time":"2026-03-06T00:07:16+00:00","og_image":[{"width":480,"height":395,"url":"https:\/\/cempr.mx\/wp-content\/uploads\/2026\/02\/fcaballeroh.jpg","type":"image\/jpeg"}],"twitter_card":"summary_large_image","twitter_misc":{"Est. reading time":"1 minute"},"schema":{"@context":"https:\/\/schema.org","@graph":[{"@type":"WebPage","@id":"https:\/\/cempr.mx\/influencer\/","url":"https:\/\/cempr.mx\/influencer\/","name":"CEMPR Digital Public Relations Agency","isPartOf":{"@id":"https:\/\/cempr.mx\/#website"},"primaryImageOfPage":{"@id":"https:\/\/cempr.mx\/influencer\/#primaryimage"},"image":{"@id":"https:\/\/cempr.mx\/influencer\/#primaryimage"},"thumbnailUrl":"https:\/\/cempr.mx\/wp-content\/uploads\/2026\/02\/fcaballeroh.jpg","datePublished":"2026-03-05T23:32:17+00:00","dateModified":"2026-03-06T00:07:16+00:00","description":"Agencia de Relaciones P\u00fablicas y Marketing Digital. Posicionamos tu marca, fortalecemos tu reputaci\u00f3n y generamos resultados.","breadcrumb":{"@id":"https:\/\/cempr.mx\/influencer\/#breadcrumb"},"inLanguage":"en-US","potentialAction":[{"@type":"ReadAction","target":["https:\/\/cempr.mx\/influencer\/"]}]},{"@type":"ImageObject","inLanguage":"en-US","@id":"https:\/\/cempr.mx\/influencer\/#primaryimage","url":"https:\/\/cempr.mx\/wp-content\/uploads\/2026\/02\/fcaballeroh.jpg","contentUrl":"https:\/\/cempr.mx\/wp-content\/uploads\/2026\/02\/fcaballeroh.jpg"},{"@type":"BreadcrumbList","@id":"https:\/\/cempr.mx\/influencer\/#breadcrumb","itemListElement":[{"@type":"ListItem","position":1,"name":"Portada","item":"https:\/\/cempr.mx\/"},{"@type":"ListItem","position":2,"name":"Influencer &#038; Brand Advocacy"}]},{"@type":"WebSite","@id":"https:\/\/cempr.mx\/#website","url":"https:\/\/cempr.mx\/","name":"CEMPR Digital Public Relations Agency","description":"CEMPR Digital","publisher":{"@id":"https:\/\/cempr.mx\/#organization"},"potentialAction":[{"@type":"SearchAction","target":{"@type":"EntryPoint","urlTemplate":"https:\/\/cempr.mx\/?s={search_term_string}"},"query-input":{"@type":"PropertyValueSpecification","valueRequired":true,"valueName":"search_term_string"}}],"inLanguage":"en-US"},{"@type":"Organization","@id":"https:\/\/cempr.mx\/#organization","name":"CEMPR Digital Public Relations Agency","url":"https:\/\/cempr.mx\/","logo":{"@type":"ImageObject","inLanguage":"en-US","@id":"https:\/\/cempr.mx\/#\/schema\/logo\/image\/","url":"https:\/\/cempr.mx\/wp-content\/uploads\/2023\/08\/logo-cempr.png","contentUrl":"https:\/\/cempr.mx\/wp-content\/uploads\/2023\/08\/logo-cempr.png","width":302,"height":216,"caption":"CEMPR Digital Agencia de Relaciones P&uacute;blicas"},"image":{"@id":"https:\/\/cempr.mx\/#\/schema\/logo\/image\/"}}]}},"_links":{"self":[{"href":"https:\/\/cempr.mx\/en\/wp-json\/wp\/v2\/pages\/2141","targetHints":{"allow":["GET"]}}],"collection":[{"href":"https:\/\/cempr.mx\/en\/wp-json\/wp\/v2\/pages"}],"about":[{"href":"https:\/\/cempr.mx\/en\/wp-json\/wp\/v2\/types\/page"}],"author":[{"embeddable":true,"href":"https:\/\/cempr.mx\/en\/wp-json\/wp\/v2\/users\/2"}],"replies":[{"embeddable":true,"href":"https:\/\/cempr.mx\/en\/wp-json\/wp\/v2\/comments?post=2141"}],"version-history":[{"count":7,"href":"https:\/\/cempr.mx\/en\/wp-json\/wp\/v2\/pages\/2141\/revisions"}],"predecessor-version":[{"id":2162,"href":"https:\/\/cempr.mx\/en\/wp-json\/wp\/v2\/pages\/2141\/revisions\/2162"}],"wp:attachment":[{"href":"https:\/\/cempr.mx\/en\/wp-json\/wp\/v2\/media?parent=2141"}],"curies":[{"name":"wp","href":"https:\/\/api.w.org\/{rel}","templated":true}]}}