{"id":2139,"date":"2026-03-05T17:30:20","date_gmt":"2026-03-05T23:30:20","guid":{"rendered":"https:\/\/cempr.mx\/?page_id=2139"},"modified":"2026-03-05T18:15:16","modified_gmt":"2026-03-06T00:15:16","slug":"paidmedia","status":"publish","type":"page","link":"https:\/\/cempr.mx\/en\/paidmedia\/","title":{"rendered":"Paid Media &#038; Amplificaci\u00f3n"},"content":{"rendered":"<div data-elementor-type=\"wp-page\" data-elementor-id=\"2139\" class=\"elementor elementor-2139\" data-elementor-post-type=\"page\">\n\t\t\t\t<div class=\"elementor-element elementor-element-96bb931 e-flex e-con-boxed e-con e-parent\" data-id=\"96bb931\" data-element_type=\"container\" data-e-type=\"container\">\n\t\t\t\t\t<div class=\"e-con-inner\">\n\t\t<div class=\"elementor-element elementor-element-dfaf6e2 e-con-full e-flex e-con e-child\" data-id=\"dfaf6e2\" data-element_type=\"container\" data-e-type=\"container\">\n\t\t\t\t<div class=\"elementor-element elementor-element-39d6f13 elementor-widget elementor-widget-heading\" data-id=\"39d6f13\" data-element_type=\"widget\" data-e-type=\"widget\" data-widget_type=\"heading.default\">\n\t\t\t\t<div class=\"elementor-widget-container\">\n\t\t\t\t\t<h2 class=\"elementor-heading-title elementor-size-default\">Paid Media &amp; Amplification<\/h2>\t\t\t\t<\/div>\n\t\t\t\t<\/div>\n\t\t\t\t<div class=\"elementor-element elementor-element-28af96b elementor-widget__width-initial elementor-widget elementor-widget-heading\" data-id=\"28af96b\" data-element_type=\"widget\" data-e-type=\"widget\" data-widget_type=\"heading.default\">\n\t\t\t\t<div class=\"elementor-widget-container\">\n\t\t\t\t\t<p class=\"elementor-heading-title elementor-size-default\">Acompa\u00f1amos las estrategias de comunicaci\u00f3n de nuestros clientes con campa\u00f1as de paid media que potencian el alcance de sus mensajes y contenidos. Mediante segmentaci\u00f3n avanzada, inversi\u00f3n optimizada y monitoreo continuo del desempe\u00f1o, logramos ampliar la visibilidad de marca, conectar con audiencias relevantes y maximizar el retorno de cada campa\u00f1a.<\/p>\t\t\t\t<\/div>\n\t\t\t\t<\/div>\n\t\t\t\t<\/div>\n\t\t\t\t\t<\/div>\n\t\t\t\t<\/div>\n\t\t<div class=\"elementor-element elementor-element-41e70ab e-grid e-con-boxed e-con e-parent\" data-id=\"41e70ab\" data-element_type=\"container\" data-e-type=\"container\">\n\t\t\t\t\t<div class=\"e-con-inner\">\n\t\t<div class=\"elementor-element elementor-element-477071a e-con-full e-flex e-con e-child\" data-id=\"477071a\" data-element_type=\"container\" data-e-type=\"container\">\n\t\t\t\t<div class=\"elementor-element elementor-element-9311d70 elementor-widget elementor-widget-image\" data-id=\"9311d70\" data-element_type=\"widget\" data-e-type=\"widget\" data-widget_type=\"image.default\">\n\t\t\t\t<div class=\"elementor-widget-container\">\n\t\t\t\t\t\t\t\t\t\t\t\t\t\t\t<img decoding=\"async\" src=\"https:\/\/cempr.mx\/wp-content\/uploads\/elementor\/thumbs\/Sol-AA-rj4d01uty91udk53pq4rskfsbqe8cppdhnswls9qtc.jpg\" title=\"Anuncio El Sol de M\u00e9xico\" alt=\"Anuncio El Sol de M\u00e9xico\" loading=\"lazy\" \/>\t\t\t\t\t\t\t\t\t\t\t\t\t\t\t<\/div>\n\t\t\t\t<\/div>\n\t\t\t\t<div class=\"elementor-element elementor-element-ee7c71c elementor-widget elementor-widget-text-editor\" data-id=\"ee7c71c\" data-element_type=\"widget\" data-e-type=\"widget\" data-widget_type=\"text-editor.default\">\n\t\t\t\t<div class=\"elementor-widget-container\">\n\t\t\t\t\t\t\t\t\t<p style=\"text-align: center;\"><strong>Print Ad <br \/>(Advertisement)<\/strong><br \/>El Sol de M\u00e9xico<br \/><strong>Client:<\/strong> Alcoh\u00f3licos An\u00f3nimos<\/p>\t\t\t\t\t\t\t\t<\/div>\n\t\t\t\t<\/div>\n\t\t\t\t<\/div>\n\t\t<div class=\"elementor-element elementor-element-30b86b7 e-con-full e-flex e-con e-child\" data-id=\"30b86b7\" data-element_type=\"container\" data-e-type=\"container\">\n\t\t\t\t<div class=\"elementor-element elementor-element-553fed7 elementor-widget elementor-widget-video\" data-id=\"553fed7\" data-element_type=\"widget\" data-e-type=\"widget\" data-settings=\"{&quot;video_type&quot;:&quot;hosted&quot;,&quot;controls&quot;:&quot;yes&quot;}\" data-widget_type=\"video.default\">\n\t\t\t\t<div class=\"elementor-widget-container\">\n\t\t\t\t\t\t\t<div class=\"e-hosted-video elementor-wrapper elementor-open-inline\">\n\t\t\t\t\t<video class=\"elementor-video\" src=\"https:\/\/cempr.mx\/exito\/spot_radioformula2.mp4\" controls=\"\" preload=\"metadata\" controlslist=\"nodownload\"><\/video>\n\t\t\t\t<\/div>\n\t\t\t\t\t\t<\/div>\n\t\t\t\t<\/div>\n\t\t\t\t<div class=\"elementor-element elementor-element-dd97c2e elementor-widget elementor-widget-text-editor\" data-id=\"dd97c2e\" data-element_type=\"widget\" data-e-type=\"widget\" data-widget_type=\"text-editor.default\">\n\t\t\t\t<div class=\"elementor-widget-container\">\n\t\t\t\t\t\t\t\t\t<p style=\"text-align: center;\"><strong>Radio Spot 30\u201d <br \/>(Advertisement)<\/strong><br \/>Radio F\u00f3rmula<br \/><strong>Client:<\/strong> Alcoh\u00f3licos An\u00f3nimos<\/p>\t\t\t\t\t\t\t\t<\/div>\n\t\t\t\t<\/div>\n\t\t\t\t<\/div>\n\t\t<div class=\"elementor-element elementor-element-834a290 e-con-full e-flex e-con e-child\" data-id=\"834a290\" data-element_type=\"container\" data-e-type=\"container\">\n\t\t\t\t<div class=\"elementor-element elementor-element-c50cfbd elementor-widget elementor-widget-video\" data-id=\"c50cfbd\" data-element_type=\"widget\" data-e-type=\"widget\" data-settings=\"{&quot;video_type&quot;:&quot;hosted&quot;,&quot;controls&quot;:&quot;yes&quot;}\" data-widget_type=\"video.default\">\n\t\t\t\t<div class=\"elementor-widget-container\">\n\t\t\t\t\t\t\t<div class=\"e-hosted-video elementor-wrapper elementor-open-inline\">\n\t\t\t\t\t<video class=\"elementor-video\" src=\"https:\/\/cempr.mx\/exito\/spot_mileniotv.mp4\" controls=\"\" preload=\"metadata\" controlslist=\"nodownload\"><\/video>\n\t\t\t\t<\/div>\n\t\t\t\t\t\t<\/div>\n\t\t\t\t<\/div>\n\t\t\t\t<div class=\"elementor-element elementor-element-74588af elementor-widget elementor-widget-text-editor\" data-id=\"74588af\" data-element_type=\"widget\" data-e-type=\"widget\" data-widget_type=\"text-editor.default\">\n\t\t\t\t<div class=\"elementor-widget-container\">\n\t\t\t\t\t\t\t\t\t<p style=\"text-align: center;\"><strong>TV Spot 30\" <br \/><\/strong><strong>(Advertisement)<\/strong><br \/>Milenio Televisi\u00f3n<br \/><strong>Client:<\/strong> Alcoh\u00f3licos An\u00f3nimos<\/p>\t\t\t\t\t\t\t\t<\/div>\n\t\t\t\t<\/div>\n\t\t\t\t<\/div>\n\t\t\t\t\t<\/div>\n\t\t\t\t<\/div>\n\t\t\t\t<\/div>","protected":false},"excerpt":{"rendered":"<p>Paid Media &amp; Amplificaci\u00f3n Acompa\u00f1amos las estrategias de comunicaci\u00f3n de nuestros clientes con campa\u00f1as de paid media que potencian el alcance de sus mensajes y contenidos. Mediante segmentaci\u00f3n avanzada, inversi\u00f3n optimizada y monitoreo continuo del desempe\u00f1o, logramos ampliar la visibilidad de marca, conectar con audiencias relevantes y maximizar el retorno de cada campa\u00f1a. Anuncio Impreso [&hellip;]<\/p>\n","protected":false},"author":2,"featured_media":0,"parent":0,"menu_order":1,"comment_status":"closed","ping_status":"closed","template":"","meta":{"footnotes":""},"class_list":["post-2139","page","type-page","status-publish","hentry"],"yoast_head":"<!-- This site is optimized with the Yoast SEO plugin v27.4 - https:\/\/yoast.com\/product\/yoast-seo-wordpress\/ -->\n<title>CEMPR Digital Agencia de Relaciones P&uacute;blicas<\/title>\n<meta name=\"description\" content=\"Agencia de Relaciones P\u00fablicas y Marketing Digital. Posicionamos tu marca, fortalecemos tu reputaci\u00f3n y generamos resultados.\" \/>\n<meta name=\"robots\" content=\"index, follow, max-snippet:-1, max-image-preview:large, max-video-preview:-1\" \/>\n<link rel=\"canonical\" href=\"https:\/\/cempr.mx\/en\/paidmedia\/\" \/>\n<meta property=\"og:locale\" content=\"en_US\" \/>\n<meta property=\"og:type\" content=\"article\" \/>\n<meta property=\"og:title\" content=\"CEMPR Digital Agencia de Relaciones P&uacute;blicas\" \/>\n<meta property=\"og:description\" content=\"Agencia de Relaciones P\u00fablicas y Marketing Digital. Posicionamos tu marca, fortalecemos tu reputaci\u00f3n y generamos resultados.\" \/>\n<meta property=\"og:url\" content=\"https:\/\/cempr.mx\/en\/paidmedia\/\" \/>\n<meta property=\"og:site_name\" content=\"CEMPR Digital Agencia de Relaciones P&uacute;blicas\" \/>\n<meta property=\"article:modified_time\" content=\"2026-03-06T00:15:16+00:00\" \/>\n<meta property=\"og:image\" content=\"https:\/\/cempr.mx\/wp-content\/uploads\/elementor\/thumbs\/Sol-AA-rj4d01uty91udk53pq4rskfsbqe8cppdhnswls9qtc.jpg\" \/>\n<meta name=\"twitter:card\" content=\"summary_large_image\" \/>\n<meta name=\"twitter:label1\" content=\"Est. reading time\" \/>\n\t<meta name=\"twitter:data1\" content=\"1 minute\" \/>\n<script type=\"application\/ld+json\" class=\"yoast-schema-graph\">{\"@context\":\"https:\\\/\\\/schema.org\",\"@graph\":[{\"@type\":\"WebPage\",\"@id\":\"https:\\\/\\\/cempr.mx\\\/paidmedia\\\/\",\"url\":\"https:\\\/\\\/cempr.mx\\\/paidmedia\\\/\",\"name\":\"CEMPR Digital Agencia de Relaciones P&uacute;blicas\",\"isPartOf\":{\"@id\":\"https:\\\/\\\/cempr.mx\\\/#website\"},\"primaryImageOfPage\":{\"@id\":\"https:\\\/\\\/cempr.mx\\\/paidmedia\\\/#primaryimage\"},\"image\":{\"@id\":\"https:\\\/\\\/cempr.mx\\\/paidmedia\\\/#primaryimage\"},\"thumbnailUrl\":\"https:\\\/\\\/cempr.mx\\\/wp-content\\\/uploads\\\/elementor\\\/thumbs\\\/Sol-AA-rj4d01uty91udk53pq4rskfsbqe8cppdhnswls9qtc.jpg\",\"datePublished\":\"2026-03-05T23:30:20+00:00\",\"dateModified\":\"2026-03-06T00:15:16+00:00\",\"description\":\"Agencia de Relaciones P\u00fablicas y Marketing Digital. Posicionamos tu marca, fortalecemos tu reputaci\u00f3n y generamos resultados.\",\"breadcrumb\":{\"@id\":\"https:\\\/\\\/cempr.mx\\\/paidmedia\\\/#breadcrumb\"},\"inLanguage\":\"en-US\",\"potentialAction\":[{\"@type\":\"ReadAction\",\"target\":[\"https:\\\/\\\/cempr.mx\\\/paidmedia\\\/\"]}]},{\"@type\":\"ImageObject\",\"inLanguage\":\"en-US\",\"@id\":\"https:\\\/\\\/cempr.mx\\\/paidmedia\\\/#primaryimage\",\"url\":\"https:\\\/\\\/cempr.mx\\\/wp-content\\\/uploads\\\/elementor\\\/thumbs\\\/Sol-AA-rj4d01uty91udk53pq4rskfsbqe8cppdhnswls9qtc.jpg\",\"contentUrl\":\"https:\\\/\\\/cempr.mx\\\/wp-content\\\/uploads\\\/elementor\\\/thumbs\\\/Sol-AA-rj4d01uty91udk53pq4rskfsbqe8cppdhnswls9qtc.jpg\"},{\"@type\":\"BreadcrumbList\",\"@id\":\"https:\\\/\\\/cempr.mx\\\/paidmedia\\\/#breadcrumb\",\"itemListElement\":[{\"@type\":\"ListItem\",\"position\":1,\"name\":\"Portada\",\"item\":\"https:\\\/\\\/cempr.mx\\\/\"},{\"@type\":\"ListItem\",\"position\":2,\"name\":\"Paid Media &#038; Amplificaci\u00f3n\"}]},{\"@type\":\"WebSite\",\"@id\":\"https:\\\/\\\/cempr.mx\\\/#website\",\"url\":\"https:\\\/\\\/cempr.mx\\\/\",\"name\":\"CEMPR Digital Agencia de Relaciones P&uacute;blicas\",\"description\":\"CEMPR Digital\",\"publisher\":{\"@id\":\"https:\\\/\\\/cempr.mx\\\/#organization\"},\"potentialAction\":[{\"@type\":\"SearchAction\",\"target\":{\"@type\":\"EntryPoint\",\"urlTemplate\":\"https:\\\/\\\/cempr.mx\\\/?s={search_term_string}\"},\"query-input\":{\"@type\":\"PropertyValueSpecification\",\"valueRequired\":true,\"valueName\":\"search_term_string\"}}],\"inLanguage\":\"en-US\"},{\"@type\":\"Organization\",\"@id\":\"https:\\\/\\\/cempr.mx\\\/#organization\",\"name\":\"CEMPR Digital Agencia de Relaciones P&uacute;blicas\",\"url\":\"https:\\\/\\\/cempr.mx\\\/\",\"logo\":{\"@type\":\"ImageObject\",\"inLanguage\":\"en-US\",\"@id\":\"https:\\\/\\\/cempr.mx\\\/#\\\/schema\\\/logo\\\/image\\\/\",\"url\":\"https:\\\/\\\/cempr.mx\\\/wp-content\\\/uploads\\\/2023\\\/08\\\/logo-cempr.png\",\"contentUrl\":\"https:\\\/\\\/cempr.mx\\\/wp-content\\\/uploads\\\/2023\\\/08\\\/logo-cempr.png\",\"width\":302,\"height\":216,\"caption\":\"CEMPR Digital Agencia de Relaciones P&uacute;blicas\"},\"image\":{\"@id\":\"https:\\\/\\\/cempr.mx\\\/#\\\/schema\\\/logo\\\/image\\\/\"}}]}<\/script>\n<!-- \/ Yoast SEO plugin. -->","yoast_head_json":{"title":"CEMPR Digital Public Relations Agency","description":"Agencia de Relaciones P\u00fablicas y Marketing Digital. Posicionamos tu marca, fortalecemos tu reputaci\u00f3n y generamos resultados.","robots":{"index":"index","follow":"follow","max-snippet":"max-snippet:-1","max-image-preview":"max-image-preview:large","max-video-preview":"max-video-preview:-1"},"canonical":"https:\/\/cempr.mx\/en\/paidmedia\/","og_locale":"en_US","og_type":"article","og_title":"CEMPR Digital Agencia de Relaciones P&uacute;blicas","og_description":"Agencia de Relaciones P\u00fablicas y Marketing Digital. Posicionamos tu marca, fortalecemos tu reputaci\u00f3n y generamos resultados.","og_url":"https:\/\/cempr.mx\/en\/paidmedia\/","og_site_name":"CEMPR Digital Agencia de Relaciones P&uacute;blicas","article_modified_time":"2026-03-06T00:15:16+00:00","og_image":[{"url":"https:\/\/cempr.mx\/wp-content\/uploads\/elementor\/thumbs\/Sol-AA-rj4d01uty91udk53pq4rskfsbqe8cppdhnswls9qtc.jpg","type":"","width":"","height":""}],"twitter_card":"summary_large_image","twitter_misc":{"Est. reading time":"1 minute"},"schema":{"@context":"https:\/\/schema.org","@graph":[{"@type":"WebPage","@id":"https:\/\/cempr.mx\/paidmedia\/","url":"https:\/\/cempr.mx\/paidmedia\/","name":"CEMPR Digital Public Relations Agency","isPartOf":{"@id":"https:\/\/cempr.mx\/#website"},"primaryImageOfPage":{"@id":"https:\/\/cempr.mx\/paidmedia\/#primaryimage"},"image":{"@id":"https:\/\/cempr.mx\/paidmedia\/#primaryimage"},"thumbnailUrl":"https:\/\/cempr.mx\/wp-content\/uploads\/elementor\/thumbs\/Sol-AA-rj4d01uty91udk53pq4rskfsbqe8cppdhnswls9qtc.jpg","datePublished":"2026-03-05T23:30:20+00:00","dateModified":"2026-03-06T00:15:16+00:00","description":"Agencia de Relaciones P\u00fablicas y Marketing Digital. Posicionamos tu marca, fortalecemos tu reputaci\u00f3n y generamos resultados.","breadcrumb":{"@id":"https:\/\/cempr.mx\/paidmedia\/#breadcrumb"},"inLanguage":"en-US","potentialAction":[{"@type":"ReadAction","target":["https:\/\/cempr.mx\/paidmedia\/"]}]},{"@type":"ImageObject","inLanguage":"en-US","@id":"https:\/\/cempr.mx\/paidmedia\/#primaryimage","url":"https:\/\/cempr.mx\/wp-content\/uploads\/elementor\/thumbs\/Sol-AA-rj4d01uty91udk53pq4rskfsbqe8cppdhnswls9qtc.jpg","contentUrl":"https:\/\/cempr.mx\/wp-content\/uploads\/elementor\/thumbs\/Sol-AA-rj4d01uty91udk53pq4rskfsbqe8cppdhnswls9qtc.jpg"},{"@type":"BreadcrumbList","@id":"https:\/\/cempr.mx\/paidmedia\/#breadcrumb","itemListElement":[{"@type":"ListItem","position":1,"name":"Portada","item":"https:\/\/cempr.mx\/"},{"@type":"ListItem","position":2,"name":"Paid Media &#038; Amplificaci\u00f3n"}]},{"@type":"WebSite","@id":"https:\/\/cempr.mx\/#website","url":"https:\/\/cempr.mx\/","name":"CEMPR Digital Public Relations Agency","description":"CEMPR Digital","publisher":{"@id":"https:\/\/cempr.mx\/#organization"},"potentialAction":[{"@type":"SearchAction","target":{"@type":"EntryPoint","urlTemplate":"https:\/\/cempr.mx\/?s={search_term_string}"},"query-input":{"@type":"PropertyValueSpecification","valueRequired":true,"valueName":"search_term_string"}}],"inLanguage":"en-US"},{"@type":"Organization","@id":"https:\/\/cempr.mx\/#organization","name":"CEMPR Digital Public Relations Agency","url":"https:\/\/cempr.mx\/","logo":{"@type":"ImageObject","inLanguage":"en-US","@id":"https:\/\/cempr.mx\/#\/schema\/logo\/image\/","url":"https:\/\/cempr.mx\/wp-content\/uploads\/2023\/08\/logo-cempr.png","contentUrl":"https:\/\/cempr.mx\/wp-content\/uploads\/2023\/08\/logo-cempr.png","width":302,"height":216,"caption":"CEMPR Digital Agencia de Relaciones P&uacute;blicas"},"image":{"@id":"https:\/\/cempr.mx\/#\/schema\/logo\/image\/"}}]}},"_links":{"self":[{"href":"https:\/\/cempr.mx\/en\/wp-json\/wp\/v2\/pages\/2139","targetHints":{"allow":["GET"]}}],"collection":[{"href":"https:\/\/cempr.mx\/en\/wp-json\/wp\/v2\/pages"}],"about":[{"href":"https:\/\/cempr.mx\/en\/wp-json\/wp\/v2\/types\/page"}],"author":[{"embeddable":true,"href":"https:\/\/cempr.mx\/en\/wp-json\/wp\/v2\/users\/2"}],"replies":[{"embeddable":true,"href":"https:\/\/cempr.mx\/en\/wp-json\/wp\/v2\/comments?post=2139"}],"version-history":[{"count":13,"href":"https:\/\/cempr.mx\/en\/wp-json\/wp\/v2\/pages\/2139\/revisions"}],"predecessor-version":[{"id":2168,"href":"https:\/\/cempr.mx\/en\/wp-json\/wp\/v2\/pages\/2139\/revisions\/2168"}],"wp:attachment":[{"href":"https:\/\/cempr.mx\/en\/wp-json\/wp\/v2\/media?parent=2139"}],"curies":[{"name":"wp","href":"https:\/\/api.w.org\/{rel}","templated":true}]}}