{"id":14,"date":"2023-08-15T02:22:43","date_gmt":"2023-08-15T02:22:43","guid":{"rendered":"http:\/\/cempr.mx\/podcast\/"},"modified":"2026-02-24T17:18:23","modified_gmt":"2026-02-24T23:18:23","slug":"insights","status":"publish","type":"page","link":"https:\/\/cempr.mx\/en\/insights\/","title":{"rendered":"Insights"},"content":{"rendered":"<div data-elementor-type=\"wp-page\" data-elementor-id=\"14\" class=\"elementor elementor-14\" data-elementor-post-type=\"page\">\n\t\t\t\t<div class=\"elementor-element elementor-element-a7c16fa e-flex e-con-boxed e-con e-parent\" data-id=\"a7c16fa\" data-element_type=\"container\" data-e-type=\"container\" data-settings=\"{&quot;background_background&quot;:&quot;classic&quot;}\">\n\t\t\t\t\t<div class=\"e-con-inner\">\n\t\t\t\t<div class=\"elementor-element elementor-element-e9d7144 elementor-widget elementor-widget-heading\" data-id=\"e9d7144\" data-element_type=\"widget\" data-e-type=\"widget\" data-widget_type=\"heading.default\">\n\t\t\t\t<div class=\"elementor-widget-container\">\n\t\t\t\t\t<h1 class=\"elementor-heading-title elementor-size-default\">Insights<\/h1>\t\t\t\t<\/div>\n\t\t\t\t<\/div>\n\t\t\t\t<div class=\"elementor-element elementor-element-f1cc434 elementor-widget elementor-widget-text-editor\" data-id=\"f1cc434\" data-element_type=\"widget\" data-e-type=\"widget\" data-widget_type=\"text-editor.default\">\n\t\t\t\t<div class=\"elementor-widget-container\">\n\t\t\t\t\t\t\t\t\t<p data-start=\"184\" data-end=\"610\">Insights es el espacio editorial de CEMPR Digital donde compartimos an\u00e1lisis, perspectivas y reflexiones sobre relaciones p\u00fablicas, marketing digital y comunicaci\u00f3n estrat\u00e9gica. A partir de la experiencia de nuestro equipo y del di\u00e1logo con especialistas del sector, abordamos tendencias, contextos y aprendizajes que ayudan a entender el mercado y a convertir la comunicaci\u00f3n en un activo para el crecimiento del negocio.<\/p><p data-start=\"612\" data-end=\"706\">\u00a0<\/p>\t\t\t\t\t\t\t\t<\/div>\n\t\t\t\t<\/div>\n\t\t\t\t\t<\/div>\n\t\t\t\t<\/div>\n\t\t<div class=\"elementor-element elementor-element-e588319 e-flex e-con-boxed e-con e-parent\" data-id=\"e588319\" data-element_type=\"container\" data-e-type=\"container\">\n\t\t\t\t\t<div class=\"e-con-inner\">\n\t\t\t\t<div class=\"elementor-element elementor-element-87277af elementor-widget elementor-widget-heading\" data-id=\"87277af\" data-element_type=\"widget\" data-e-type=\"widget\" data-widget_type=\"heading.default\">\n\t\t\t\t<div class=\"elementor-widget-container\">\n\t\t\t\t\t<h3 class=\"elementor-heading-title elementor-size-default\">Recent Entries<\/h3>\t\t\t\t<\/div>\n\t\t\t\t<\/div>\n\t\t\t\t\t<\/div>\n\t\t\t\t<\/div>\n\t\t<div class=\"elementor-element elementor-element-7f3202c e-flex e-con-boxed e-con e-parent\" data-id=\"7f3202c\" data-element_type=\"container\" data-e-type=\"container\">\n\t\t\t\t\t<div class=\"e-con-inner\">\n\t\t\t\t<div class=\"elementor-element elementor-element-f386f0c elementor-grid-3 elementor-grid-tablet-2 elementor-grid-mobile-1 elementor-posts--thumbnail-top elementor-widget elementor-widget-posts\" data-id=\"f386f0c\" data-element_type=\"widget\" data-e-type=\"widget\" data-settings=\"{&quot;classic_columns&quot;:&quot;3&quot;,&quot;classic_columns_tablet&quot;:&quot;2&quot;,&quot;classic_columns_mobile&quot;:&quot;1&quot;,&quot;classic_row_gap&quot;:{&quot;unit&quot;:&quot;px&quot;,&quot;size&quot;:35,&quot;sizes&quot;:[]},&quot;classic_row_gap_tablet&quot;:{&quot;unit&quot;:&quot;px&quot;,&quot;size&quot;:&quot;&quot;,&quot;sizes&quot;:[]},&quot;classic_row_gap_mobile&quot;:{&quot;unit&quot;:&quot;px&quot;,&quot;size&quot;:&quot;&quot;,&quot;sizes&quot;:[]}}\" data-widget_type=\"posts.classic\">\n\t\t\t\t<div class=\"elementor-widget-container\">\n\t\t\t\t\t\t\t<div class=\"elementor-posts-container elementor-posts elementor-posts--skin-classic elementor-grid\" role=\"list\">\n\t\t\t\t<article class=\"elementor-post elementor-grid-item post-2200 post type-post status-publish format-standard has-post-thumbnail hentry category-insights tag-audiencias tag-branding tag-campanas tag-comunicacion tag-contenido tag-cultura tag-estrategia-de-marketing tag-eventos-deportivos tag-insights tag-marketing-digital tag-medios tag-mundial tag-pr tag-real-time-marketing tag-relaciones-publicas tag-storytelling tag-tendencias\" role=\"listitem\">\n\t\t\t\t<a class=\"elementor-post__thumbnail__link\" href=\"https:\/\/cempr.mx\/en\/mundial-marketing-pr-marcas\/\" tabindex=\"-1\" >\n\t\t\t<div class=\"elementor-post__thumbnail\"><img fetchpriority=\"high\" decoding=\"async\" width=\"200\" height=\"300\" src=\"https:\/\/cempr.mx\/wp-content\/uploads\/2026\/03\/mundial-marketing-pr-oportunidades-200x300.png\" class=\"attachment-medium size-medium wp-image-2201\" alt=\"\" srcset=\"https:\/\/cempr.mx\/wp-content\/uploads\/2026\/03\/mundial-marketing-pr-oportunidades-200x300.png 200w, https:\/\/cempr.mx\/wp-content\/uploads\/2026\/03\/mundial-marketing-pr-oportunidades-683x1024.png 683w, https:\/\/cempr.mx\/wp-content\/uploads\/2026\/03\/mundial-marketing-pr-oportunidades-768x1152.png 768w, https:\/\/cempr.mx\/wp-content\/uploads\/2026\/03\/mundial-marketing-pr-oportunidades-8x12.png 8w, https:\/\/cempr.mx\/wp-content\/uploads\/2026\/03\/mundial-marketing-pr-oportunidades.png 1024w\" sizes=\"(max-width: 200px) 100vw, 200px\" \/><\/div>\n\t\t<\/a>\n\t\t\t\t<div class=\"elementor-post__text\">\n\t\t\t\t<h3 class=\"elementor-post__title\">\n\t\t\t<a href=\"https:\/\/cempr.mx\/en\/mundial-marketing-pr-marcas\/\" >\n\t\t\t\tThe World Cup opens more opportunities than just what happens on the pitch\t\t\t<\/a>\n\t\t<\/h3>\n\t\t\t\t<div class=\"elementor-post__meta-data\">\n\t\t\t\t\t<span class=\"elementor-post-date\">\n\t\t\tMarch 30, 2026\t\t<\/span>\n\t\t\t\t<span class=\"elementor-post-avatar\">\n\t\t\tNo Comments\t\t<\/span>\n\t\t\t\t<\/div>\n\t\t\t\t<div class=\"elementor-post__excerpt\">\n\t\t\t<p>En eventos como el Mundial, la conversaci\u00f3n va mucho m\u00e1s all\u00e1 del f\u00fatbol y se convierte en una oportunidad para que las marcas entiendan el<\/p>\n\t\t<\/div>\n\t\t\n\t\t<a class=\"elementor-post__read-more\" href=\"https:\/\/cempr.mx\/en\/mundial-marketing-pr-marcas\/\" aria-label=\"Read more about El Mundial abre m\u00e1s oportunidades que solo las que pasan en la cancha\" tabindex=\"-1\" >\n\t\t\tRead more  \u00bb\t\t<\/a>\n\n\t\t\t\t<\/div>\n\t\t\t\t<\/article>\n\t\t\t\t<article class=\"elementor-post elementor-grid-item post-2132 post type-post status-publish format-standard has-post-thumbnail hentry category-insights tag-comunicacion-digital tag-mensajeria-instantanea tag-plataformas-digitales tag-redes-sociales tag-tendencias-de-marketing tag-whatsapp tag-whatsapp-en-america-latina\" role=\"listitem\">\n\t\t\t\t<a class=\"elementor-post__thumbnail__link\" href=\"https:\/\/cempr.mx\/en\/whatsapp-en-america-latina-red-social-2\/\" tabindex=\"-1\" >\n\t\t\t<div class=\"elementor-post__thumbnail\"><img decoding=\"async\" width=\"300\" height=\"169\" src=\"https:\/\/cempr.mx\/wp-content\/uploads\/2026\/03\/whatsapp-red-social-america-latina-1-300x169.jpg\" class=\"attachment-medium size-medium wp-image-2133\" alt=\"\" srcset=\"https:\/\/cempr.mx\/wp-content\/uploads\/2026\/03\/whatsapp-red-social-america-latina-1-300x169.jpg 300w, https:\/\/cempr.mx\/wp-content\/uploads\/2026\/03\/whatsapp-red-social-america-latina-1-1024x576.jpg 1024w, https:\/\/cempr.mx\/wp-content\/uploads\/2026\/03\/whatsapp-red-social-america-latina-1-768x432.jpg 768w, https:\/\/cempr.mx\/wp-content\/uploads\/2026\/03\/whatsapp-red-social-america-latina-1.jpg 1200w\" sizes=\"(max-width: 300px) 100vw, 300px\" \/><\/div>\n\t\t<\/a>\n\t\t\t\t<div class=\"elementor-post__text\">\n\t\t\t\t<h3 class=\"elementor-post__title\">\n\t\t\t<a href=\"https:\/\/cempr.mx\/en\/whatsapp-en-america-latina-red-social-2\/\" >\n\t\t\t\tWhatsApp in Latin America: from messaging app to social platform\t\t\t<\/a>\n\t\t<\/h3>\n\t\t\t\t<div class=\"elementor-post__meta-data\">\n\t\t\t\t\t<span class=\"elementor-post-date\">\n\t\t\tMarch 5, 2026\t\t<\/span>\n\t\t\t\t<span class=\"elementor-post-avatar\">\n\t\t\tNo Comments\t\t<\/span>\n\t\t\t\t<\/div>\n\t\t\t\t<div class=\"elementor-post__excerpt\">\n\t\t\t<p>When WhatsApp appeared in 2009, its proposal was simple: to allow users to send messages over the internet without paying for each SMS. At that time, the<\/p>\n\t\t<\/div>\n\t\t\n\t\t<a class=\"elementor-post__read-more\" href=\"https:\/\/cempr.mx\/en\/whatsapp-en-america-latina-red-social-2\/\" aria-label=\"Read more about WhatsApp en Am\u00e9rica Latina: de app de mensajer\u00eda a plataforma social\" tabindex=\"-1\" >\n\t\t\tRead more  \u00bb\t\t<\/a>\n\n\t\t\t\t<\/div>\n\t\t\t\t<\/article>\n\t\t\t\t<article class=\"elementor-post elementor-grid-item post-2074 post type-post status-publish format-standard has-post-thumbnail hentry category-insights tag-earned-media tag-marketing-digital tag-relaciones-publicas tag-social-listening tag-super-tazon tag-tendencias\" role=\"listitem\">\n\t\t\t\t<a class=\"elementor-post__thumbnail__link\" href=\"https:\/\/cempr.mx\/en\/cuando-el-espectaculo-se-convierte-en-estrategia-global\/\" tabindex=\"-1\" >\n\t\t\t<div class=\"elementor-post__thumbnail\"><img decoding=\"async\" width=\"300\" height=\"200\" src=\"https:\/\/cempr.mx\/wp-content\/uploads\/2026\/02\/sb_mediotiempo-300x200.jpg\" class=\"attachment-medium size-medium wp-image-2075\" alt=\"presencia medi\u00e1tica a escala global\" srcset=\"https:\/\/cempr.mx\/wp-content\/uploads\/2026\/02\/sb_mediotiempo-300x200.jpg 300w, https:\/\/cempr.mx\/wp-content\/uploads\/2026\/02\/sb_mediotiempo-1024x683.jpg 1024w, https:\/\/cempr.mx\/wp-content\/uploads\/2026\/02\/sb_mediotiempo-768x512.jpg 768w, https:\/\/cempr.mx\/wp-content\/uploads\/2026\/02\/sb_mediotiempo-18x12.jpg 18w, https:\/\/cempr.mx\/wp-content\/uploads\/2026\/02\/sb_mediotiempo.jpg 1200w\" sizes=\"(max-width: 300px) 100vw, 300px\" \/><\/div>\n\t\t<\/a>\n\t\t\t\t<div class=\"elementor-post__text\">\n\t\t\t\t<h3 class=\"elementor-post__title\">\n\t\t\t<a href=\"https:\/\/cempr.mx\/en\/cuando-el-espectaculo-se-convierte-en-estrategia-global\/\" >\n\t\t\t\tWhen spectacle becomes global strategy\t\t\t<\/a>\n\t\t<\/h3>\n\t\t\t\t<div class=\"elementor-post__meta-data\">\n\t\t\t\t\t<span class=\"elementor-post-date\">\n\t\t\tFebruary 27, 2026\t\t<\/span>\n\t\t\t\t<span class=\"elementor-post-avatar\">\n\t\t\tNo Comments\t\t<\/span>\n\t\t\t\t<\/div>\n\t\t\t\t<div class=\"elementor-post__excerpt\">\n\t\t\t<p>Regardless of whether it was the best or worst show in the history of Super Bowl halftime shows, or whether it should be rated as a<\/p>\n\t\t<\/div>\n\t\t\n\t\t<a class=\"elementor-post__read-more\" href=\"https:\/\/cempr.mx\/en\/cuando-el-espectaculo-se-convierte-en-estrategia-global\/\" aria-label=\"Read more about Cuando el espect\u00e1culo se convierte en estrategia global\" tabindex=\"-1\" >\n\t\t\tRead more  \u00bb\t\t<\/a>\n\n\t\t\t\t<\/div>\n\t\t\t\t<\/article>\n\t\t\t\t<\/div>\n\t\t\n\t\t\t\t\t\t<\/div>\n\t\t\t\t<\/div>\n\t\t\t\t\t<\/div>\n\t\t\t\t<\/div>\n\t\t\t\t<\/div>","protected":false},"excerpt":{"rendered":"<p>Insights Insights es el espacio editorial de CEMPR Digital donde compartimos an\u00e1lisis, perspectivas y reflexiones sobre relaciones p\u00fablicas, marketing digital y comunicaci\u00f3n estrat\u00e9gica. A partir de la experiencia de nuestro equipo y del di\u00e1logo con especialistas del sector, abordamos tendencias, contextos y aprendizajes que ayudan a entender el mercado y a convertir la comunicaci\u00f3n en [&hellip;]<\/p>\n","protected":false},"author":1,"featured_media":0,"parent":0,"menu_order":2,"comment_status":"closed","ping_status":"closed","template":"","meta":{"footnotes":""},"class_list":["post-14","page","type-page","status-publish","hentry"],"yoast_head":"<!-- This site is optimized with the Yoast SEO plugin v27.4 - https:\/\/yoast.com\/product\/yoast-seo-wordpress\/ -->\n<title>Insights - CEMPR Digital Agencia de Relaciones P&uacute;blicas<\/title>\n<meta name=\"description\" content=\"An\u00e1lisis y perspectivas sobre relaciones p\u00fablicas, marketing digital y comunicaci\u00f3n estrat\u00e9gica desde la experiencia de nuestro equipo.\" \/>\n<meta name=\"robots\" content=\"index, follow, max-snippet:-1, max-image-preview:large, max-video-preview:-1\" \/>\n<link rel=\"canonical\" href=\"https:\/\/cempr.mx\/en\/insights\/\" \/>\n<meta property=\"og:locale\" content=\"en_US\" \/>\n<meta property=\"og:type\" content=\"article\" \/>\n<meta property=\"og:title\" content=\"Insights - CEMPR Digital Agencia de Relaciones P&uacute;blicas\" \/>\n<meta property=\"og:description\" content=\"An\u00e1lisis y perspectivas sobre relaciones p\u00fablicas, marketing digital y comunicaci\u00f3n estrat\u00e9gica desde la experiencia de nuestro equipo.\" \/>\n<meta property=\"og:url\" content=\"https:\/\/cempr.mx\/en\/insights\/\" \/>\n<meta property=\"og:site_name\" content=\"CEMPR Digital Agencia de Relaciones P&uacute;blicas\" \/>\n<meta property=\"article:modified_time\" content=\"2026-02-24T23:18:23+00:00\" \/>\n<meta name=\"twitter:card\" content=\"summary_large_image\" \/>\n<meta name=\"twitter:label1\" content=\"Est. reading time\" \/>\n\t<meta name=\"twitter:data1\" content=\"1 minute\" \/>\n<script type=\"application\/ld+json\" class=\"yoast-schema-graph\">{\"@context\":\"https:\\\/\\\/schema.org\",\"@graph\":[{\"@type\":\"WebPage\",\"@id\":\"https:\\\/\\\/cempr.mx\\\/insights\\\/\",\"url\":\"https:\\\/\\\/cempr.mx\\\/insights\\\/\",\"name\":\"Insights - CEMPR Digital Agencia de Relaciones P&uacute;blicas\",\"isPartOf\":{\"@id\":\"https:\\\/\\\/cempr.mx\\\/#website\"},\"datePublished\":\"2023-08-15T02:22:43+00:00\",\"dateModified\":\"2026-02-24T23:18:23+00:00\",\"description\":\"An\u00e1lisis y perspectivas sobre relaciones p\u00fablicas, marketing digital y comunicaci\u00f3n estrat\u00e9gica desde la experiencia de nuestro equipo.\",\"breadcrumb\":{\"@id\":\"https:\\\/\\\/cempr.mx\\\/insights\\\/#breadcrumb\"},\"inLanguage\":\"en-US\",\"potentialAction\":[{\"@type\":\"ReadAction\",\"target\":[\"https:\\\/\\\/cempr.mx\\\/insights\\\/\"]}]},{\"@type\":\"BreadcrumbList\",\"@id\":\"https:\\\/\\\/cempr.mx\\\/insights\\\/#breadcrumb\",\"itemListElement\":[{\"@type\":\"ListItem\",\"position\":1,\"name\":\"Portada\",\"item\":\"https:\\\/\\\/cempr.mx\\\/\"},{\"@type\":\"ListItem\",\"position\":2,\"name\":\"Insights\"}]},{\"@type\":\"WebSite\",\"@id\":\"https:\\\/\\\/cempr.mx\\\/#website\",\"url\":\"https:\\\/\\\/cempr.mx\\\/\",\"name\":\"CEMPR Digital Agencia de Relaciones P&uacute;blicas\",\"description\":\"CEMPR Digital\",\"publisher\":{\"@id\":\"https:\\\/\\\/cempr.mx\\\/#organization\"},\"potentialAction\":[{\"@type\":\"SearchAction\",\"target\":{\"@type\":\"EntryPoint\",\"urlTemplate\":\"https:\\\/\\\/cempr.mx\\\/?s={search_term_string}\"},\"query-input\":{\"@type\":\"PropertyValueSpecification\",\"valueRequired\":true,\"valueName\":\"search_term_string\"}}],\"inLanguage\":\"en-US\"},{\"@type\":\"Organization\",\"@id\":\"https:\\\/\\\/cempr.mx\\\/#organization\",\"name\":\"CEMPR Digital Agencia de Relaciones P&uacute;blicas\",\"url\":\"https:\\\/\\\/cempr.mx\\\/\",\"logo\":{\"@type\":\"ImageObject\",\"inLanguage\":\"en-US\",\"@id\":\"https:\\\/\\\/cempr.mx\\\/#\\\/schema\\\/logo\\\/image\\\/\",\"url\":\"https:\\\/\\\/cempr.mx\\\/wp-content\\\/uploads\\\/2023\\\/08\\\/logo-cempr.png\",\"contentUrl\":\"https:\\\/\\\/cempr.mx\\\/wp-content\\\/uploads\\\/2023\\\/08\\\/logo-cempr.png\",\"width\":302,\"height\":216,\"caption\":\"CEMPR Digital Agencia de Relaciones P&uacute;blicas\"},\"image\":{\"@id\":\"https:\\\/\\\/cempr.mx\\\/#\\\/schema\\\/logo\\\/image\\\/\"}}]}<\/script>\n<!-- \/ Yoast SEO plugin. -->","yoast_head_json":{"title":"Insights - CEMPR Digital Agencia de Relaciones P&uacute;blicas","description":"An\u00e1lisis y perspectivas sobre relaciones p\u00fablicas, marketing digital y comunicaci\u00f3n estrat\u00e9gica desde la experiencia de nuestro equipo.","robots":{"index":"index","follow":"follow","max-snippet":"max-snippet:-1","max-image-preview":"max-image-preview:large","max-video-preview":"max-video-preview:-1"},"canonical":"https:\/\/cempr.mx\/en\/insights\/","og_locale":"en_US","og_type":"article","og_title":"Insights - CEMPR Digital Agencia de Relaciones P&uacute;blicas","og_description":"An\u00e1lisis y perspectivas sobre relaciones p\u00fablicas, marketing digital y comunicaci\u00f3n estrat\u00e9gica desde la experiencia de nuestro equipo.","og_url":"https:\/\/cempr.mx\/en\/insights\/","og_site_name":"CEMPR Digital Agencia de Relaciones P&uacute;blicas","article_modified_time":"2026-02-24T23:18:23+00:00","twitter_card":"summary_large_image","twitter_misc":{"Est. reading time":"1 minute"},"schema":{"@context":"https:\/\/schema.org","@graph":[{"@type":"WebPage","@id":"https:\/\/cempr.mx\/insights\/","url":"https:\/\/cempr.mx\/insights\/","name":"Insights - CEMPR Digital Agencia de Relaciones P&uacute;blicas","isPartOf":{"@id":"https:\/\/cempr.mx\/#website"},"datePublished":"2023-08-15T02:22:43+00:00","dateModified":"2026-02-24T23:18:23+00:00","description":"An\u00e1lisis y perspectivas sobre relaciones p\u00fablicas, marketing digital y comunicaci\u00f3n estrat\u00e9gica desde la experiencia de nuestro equipo.","breadcrumb":{"@id":"https:\/\/cempr.mx\/insights\/#breadcrumb"},"inLanguage":"en-US","potentialAction":[{"@type":"ReadAction","target":["https:\/\/cempr.mx\/insights\/"]}]},{"@type":"BreadcrumbList","@id":"https:\/\/cempr.mx\/insights\/#breadcrumb","itemListElement":[{"@type":"ListItem","position":1,"name":"Portada","item":"https:\/\/cempr.mx\/"},{"@type":"ListItem","position":2,"name":"Insights"}]},{"@type":"WebSite","@id":"https:\/\/cempr.mx\/#website","url":"https:\/\/cempr.mx\/","name":"CEMPR Digital Public Relations Agency","description":"CEMPR Digital","publisher":{"@id":"https:\/\/cempr.mx\/#organization"},"potentialAction":[{"@type":"SearchAction","target":{"@type":"EntryPoint","urlTemplate":"https:\/\/cempr.mx\/?s={search_term_string}"},"query-input":{"@type":"PropertyValueSpecification","valueRequired":true,"valueName":"search_term_string"}}],"inLanguage":"en-US"},{"@type":"Organization","@id":"https:\/\/cempr.mx\/#organization","name":"CEMPR Digital Public Relations Agency","url":"https:\/\/cempr.mx\/","logo":{"@type":"ImageObject","inLanguage":"en-US","@id":"https:\/\/cempr.mx\/#\/schema\/logo\/image\/","url":"https:\/\/cempr.mx\/wp-content\/uploads\/2023\/08\/logo-cempr.png","contentUrl":"https:\/\/cempr.mx\/wp-content\/uploads\/2023\/08\/logo-cempr.png","width":302,"height":216,"caption":"CEMPR Digital Agencia de Relaciones P&uacute;blicas"},"image":{"@id":"https:\/\/cempr.mx\/#\/schema\/logo\/image\/"}}]}},"_links":{"self":[{"href":"https:\/\/cempr.mx\/en\/wp-json\/wp\/v2\/pages\/14","targetHints":{"allow":["GET"]}}],"collection":[{"href":"https:\/\/cempr.mx\/en\/wp-json\/wp\/v2\/pages"}],"about":[{"href":"https:\/\/cempr.mx\/en\/wp-json\/wp\/v2\/types\/page"}],"author":[{"embeddable":true,"href":"https:\/\/cempr.mx\/en\/wp-json\/wp\/v2\/users\/1"}],"replies":[{"embeddable":true,"href":"https:\/\/cempr.mx\/en\/wp-json\/wp\/v2\/comments?post=14"}],"version-history":[{"count":41,"href":"https:\/\/cempr.mx\/en\/wp-json\/wp\/v2\/pages\/14\/revisions"}],"predecessor-version":[{"id":2073,"href":"https:\/\/cempr.mx\/en\/wp-json\/wp\/v2\/pages\/14\/revisions\/2073"}],"wp:attachment":[{"href":"https:\/\/cempr.mx\/en\/wp-json\/wp\/v2\/media?parent=14"}],"curies":[{"name":"wp","href":"https:\/\/api.w.org\/{rel}","templated":true}]}}